{"id":25,"date":"2019-07-15T19:50:51","date_gmt":"2019-07-15T19:50:51","guid":{"rendered":"https:\/\/tpz-triton.de\/?page_id=25"},"modified":"2020-02-05T18:06:01","modified_gmt":"2020-02-05T18:06:01","slug":"musik-theater-mu-th","status":"publish","type":"page","link":"https:\/\/tpz-triton.de\/index.php\/musik-theater-mu-th\/","title":{"rendered":"&#8230; mehr zu MU-TH"},"content":{"rendered":"<p><\/p>\n\n\n<\/p>\n<p>Das MU-TH Musik-Theater wurde 2007 mit dem Musical \u201eCelebration\u201c\u00a0 ins Leben gerufen. <br \/>Weitere Musicals wie \u201eOliver\u201c, \u201ePinkelstadt\u201c, \u201eAnnie\u201c, \u201eEmilia\u201c und \u201eDer Zauberer von Oz\u201c um nur einige zu nennen, folgten.<\/p>\n<p>\n\n\n\n<\/p>\n<p>Das facettenreiche Repertoire des MU-TH Ensembles umfasst neben Musicalauff\u00fchrungen, auch Tanztheater, experimentelles Theater, Revuen und Theater f\u00fcr Kinder.<\/p>\n<p>\n\n\n\n<\/p>\n<p>MU-TH bietet theaterbegeisterten Amateuren aller Altersstufen die M\u00f6glichkeit, unter professioneller Leitung, an Auff\u00fchrungen gro\u00dfer B\u00fchnenwerke mitzuwirken.<\/p>\n<p>\n\n\n\n<\/p>\n<p>Das MU-TH Ensemble ist inzwischen \u00fcber die Zeitzer Grenzen hinaus bekannt. Auftritte u.a. in Berlin, Magdeburg, Wei\u00dfenfels\u00a0 und Bad Lausick zeichnen das Musik-Theater aus.\n\n\n<p><\/p>\n<p><!-- \/wp:post-content --><!-- wp:table --><\/p>\n<ul>\n<li>\n\t\t\t\t\t\t\t\t\t\tJeden <b>Mittwoch<\/b>* von <b>19 &#8211; 20:30 Uhr <\/b>(*in der Schulzeit)\n\t\t\t\t\t\t\t\t\t<\/li>\n<li>\n\t\t\t\t\t\t\t\t\t\tZeitz in der KulturVilla Kolorit, Geu\u00dfnitzer Stra\u00dfe 10 oder im Probesaal in der Altenburger Stra\u00dfe)\n\t\t\t\t\t\t\t\t\t<\/li>\n<\/ul>\n<p>\t\t[display-posts category=&#8220;karambolage&#8220; include_excerpt=&#8220;true&#8220; posts_per_page=&#8220;10&#8243;]<\/p>","protected":false},"excerpt":{"rendered":"<p>Das MU-TH Musik-Theater wurde 2007 mit dem Musical \u201eCelebration\u201c\u00a0 ins Leben gerufen. Weitere Musicals wie \u201eOliver\u201c, \u201ePinkelstadt\u201c, \u201eAnnie\u201c, \u201eEmilia\u201c und \u201eDer Zauberer von Oz\u201c um &hellip; <\/p>\n","protected":false},"author":1,"featured_media":26,"parent":0,"menu_order":0,"comment_status":"closed","ping_status":"closed","template":"","meta":{"footnotes":""},"class_list":["post-25","page","type-page","status-publish","has-post-thumbnail","hentry"],"jetpack_sharing_enabled":true,"_links":{"self":[{"href":"https:\/\/tpz-triton.de\/index.php\/wp-json\/wp\/v2\/pages\/25","targetHints":{"allow":["GET"]}}],"collection":[{"href":"https:\/\/tpz-triton.de\/index.php\/wp-json\/wp\/v2\/pages"}],"about":[{"href":"https:\/\/tpz-triton.de\/index.php\/wp-json\/wp\/v2\/types\/page"}],"author":[{"embeddable":true,"href":"https:\/\/tpz-triton.de\/index.php\/wp-json\/wp\/v2\/users\/1"}],"replies":[{"embeddable":true,"href":"https:\/\/tpz-triton.de\/index.php\/wp-json\/wp\/v2\/comments?post=25"}],"version-history":[{"count":12,"href":"https:\/\/tpz-triton.de\/index.php\/wp-json\/wp\/v2\/pages\/25\/revisions"}],"predecessor-version":[{"id":276,"href":"https:\/\/tpz-triton.de\/index.php\/wp-json\/wp\/v2\/pages\/25\/revisions\/276"}],"wp:featuredmedia":[{"embeddable":true,"href":"https:\/\/tpz-triton.de\/index.php\/wp-json\/wp\/v2\/media\/26"}],"wp:attachment":[{"href":"https:\/\/tpz-triton.de\/index.php\/wp-json\/wp\/v2\/media?parent=25"}],"curies":[{"name":"wp","href":"https:\/\/api.w.org\/{rel}","templated":true}]}}