{"id":19,"date":"2019-07-15T19:46:24","date_gmt":"2019-07-15T19:46:24","guid":{"rendered":"https:\/\/tpz-triton.de\/?page_id=19"},"modified":"2020-02-05T19:54:45","modified_gmt":"2020-02-05T19:54:45","slug":"kindertheater","status":"publish","type":"page","link":"https:\/\/tpz-triton.de\/index.php\/kindertheater\/","title":{"rendered":"&#8230; mehr zum Kindertheater"},"content":{"rendered":"<p>In andere Rollen schl\u00fcpfen, ob Tiere, Hexen oder Prinzessinnen und Prinzen \u2013 die J\u00fcngsten erleben ihre Welten durch Kreativit\u00e4t und Lust<br \/>\nam Spielen.<br \/>\nNeben szenischer Arbeit wird es den Kindern durch freies fantasievolles Spiel erm\u00f6glicht, eigene Erlebnisse und Alltagssituationen zu fokussieren und spielerisch umzusetzen.<\/p>\n<h4>Methoden<\/h4>\n<ul>\n<li>Bewegungs- und Kommunikationsspiele<\/li>\n<li>Wahrnehmungs\u00fcbungen<\/li>\n<li>Training des sprachlichen und k\u00f6rperlichen Ausdruckes<\/li>\n<\/ul>\n<p>Die Kinder stellen im Theater-P\u00e4dagogischen-Zentrum Zeitz ihre Requisiten selbst her.<\/p>\n<p>Seit 2004 gibt es das Projekt \u201eKinder spielen f\u00fcr Kinder\u201c.<br \/>\nDie Kindertheatergruppe Karambambini pr\u00e4sentiert jedes Jahr ihr neustes Werk an Kinderg\u00e4rten.<br \/>\nIm Rahmen des Projekts \u201eBr\u00fcckenschlag\u201c tritt das junge Ensemble in Altenheimen und Krankenh\u00e4usern mit M\u00e4rchen und Musikrevueprogrammen auf.<br \/>\nWeitere Auff\u00fchrungen finden im Rahmen von st\u00e4dtischen Anl\u00e4ssen, wie Stadt- und Schlossfesten statt.<\/p>\n<h5><b style=\"color: #000000; font-family: 'Playfair Display', serif; font-size: 30px;\">Du bist dabei!<\/b><\/h5>\n<ul>\n<li>\n\t\t\t\t\t\t\t\t\t\tJeden <b>Dienstag<\/b>* von <b>15:30 &#8211; 17 Uhr <\/b>(*in der Schulzeit)<\/li>\n<li>\n\t\t\t\t\t\t\t\t\t\tAltersgruppe:\tKinder ab 7 Jahre<\/li>\n<li>\n\t\t\t\t\t\t\t\t\t\tZeitz in der KulturVilla Kolorit, Geu\u00dfnitzer Stra\u00dfe 10 oder im Probesaal in der Altenburger Stra\u00dfe)<\/li>\n<\/ul>\n<p>[display-posts category=&#8220;karambini&#8220; include_excerpt=&#8220;true&#8220; posts_per_page=&#8220;10&#8243;]<\/p>\n","protected":false},"excerpt":{"rendered":"<p>In andere Rollen schl\u00fcpfen, ob Tiere, Hexen oder Prinzessinnen und Prinzen \u2013 die J\u00fcngsten erleben ihre Welten durch Kreativit\u00e4t und Lust am Spielen. Neben szenischer &hellip; <\/p>\n","protected":false},"author":1,"featured_media":20,"parent":0,"menu_order":0,"comment_status":"closed","ping_status":"closed","template":"","meta":{"footnotes":""},"class_list":["post-19","page","type-page","status-publish","has-post-thumbnail","hentry"],"jetpack_sharing_enabled":true,"_links":{"self":[{"href":"https:\/\/tpz-triton.de\/index.php\/wp-json\/wp\/v2\/pages\/19","targetHints":{"allow":["GET"]}}],"collection":[{"href":"https:\/\/tpz-triton.de\/index.php\/wp-json\/wp\/v2\/pages"}],"about":[{"href":"https:\/\/tpz-triton.de\/index.php\/wp-json\/wp\/v2\/types\/page"}],"author":[{"embeddable":true,"href":"https:\/\/tpz-triton.de\/index.php\/wp-json\/wp\/v2\/users\/1"}],"replies":[{"embeddable":true,"href":"https:\/\/tpz-triton.de\/index.php\/wp-json\/wp\/v2\/comments?post=19"}],"version-history":[{"count":5,"href":"https:\/\/tpz-triton.de\/index.php\/wp-json\/wp\/v2\/pages\/19\/revisions"}],"predecessor-version":[{"id":277,"href":"https:\/\/tpz-triton.de\/index.php\/wp-json\/wp\/v2\/pages\/19\/revisions\/277"}],"wp:featuredmedia":[{"embeddable":true,"href":"https:\/\/tpz-triton.de\/index.php\/wp-json\/wp\/v2\/media\/20"}],"wp:attachment":[{"href":"https:\/\/tpz-triton.de\/index.php\/wp-json\/wp\/v2\/media?parent=19"}],"curies":[{"name":"wp","href":"https:\/\/api.w.org\/{rel}","templated":true}]}}